{"id":7413,"date":"2025-04-01T10:45:06","date_gmt":"2025-04-01T08:45:06","guid":{"rendered":"https:\/\/nolanplastica.it\/zone-de-telechargement\/"},"modified":"2025-04-01T11:13:13","modified_gmt":"2025-04-01T09:13:13","slug":"zone-de-telechargement","status":"publish","type":"page","link":"https:\/\/nolanplastica.it\/fr\/zone-de-telechargement\/","title":{"rendered":"Zone de t\u00e9l\u00e9chargement"},"content":{"rendered":"\t\t<div data-elementor-type=\"wp-page\" data-elementor-id=\"7413\" class=\"elementor elementor-7413 elementor-7381\" data-elementor-post-type=\"page\">\n\t\t\t\t\t\t<section class=\"elementor-section elementor-top-section elementor-element elementor-element-f7458ab elementor-section-height-min-height elementor-section-items-stretch elementor-section-boxed elementor-section-height-default\" data-id=\"f7458ab\" data-element_type=\"section\" data-settings=\"{&quot;background_background&quot;:&quot;classic&quot;}\">\n\t\t\t\t\t\t\t<div class=\"elementor-background-overlay\"><\/div>\n\t\t\t\t\t\t\t<div class=\"elementor-container elementor-column-gap-no\">\n\t\t\t\t\t<div class=\"elementor-column elementor-col-100 elementor-top-column elementor-element elementor-element-2d75bc0\" data-id=\"2d75bc0\" data-element_type=\"column\">\n\t\t\t<div class=\"elementor-widget-wrap elementor-element-populated\">\n\t\t\t\t\t\t<div class=\"elementor-element elementor-element-42555f3 elementor-widget__width-auto elementor-widget elementor-widget-heading\" data-id=\"42555f3\" data-element_type=\"widget\" data-widget_type=\"heading.default\">\n\t\t\t\t<div class=\"elementor-widget-container\">\n\t\t\t<style>\/*! elementor - v3.23.0 - 25-07-2024 *\/\n.elementor-heading-title{padding:0;margin:0;line-height:1}.elementor-widget-heading .elementor-heading-title[class*=elementor-size-]>a{color:inherit;font-size:inherit;line-height:inherit}.elementor-widget-heading .elementor-heading-title.elementor-size-small{font-size:15px}.elementor-widget-heading .elementor-heading-title.elementor-size-medium{font-size:19px}.elementor-widget-heading .elementor-heading-title.elementor-size-large{font-size:29px}.elementor-widget-heading .elementor-heading-title.elementor-size-xl{font-size:39px}.elementor-widget-heading .elementor-heading-title.elementor-size-xxl{font-size:59px}<\/style><p class=\"elementor-heading-title elementor-size-default\">ZONE DE T\u00c9L\u00c9CHARGEMENT<\/p>\t\t<\/div>\n\t\t\t\t<\/div>\n\t\t\t\t<div class=\"elementor-element elementor-element-5efd1e6 elementor-widget elementor-widget-heading\" data-id=\"5efd1e6\" data-element_type=\"widget\" data-widget_type=\"heading.default\">\n\t\t\t\t<div class=\"elementor-widget-container\">\n\t\t\t<h1 class=\"elementor-heading-title elementor-size-default\">T\u00e9l\u00e9chargez ici tous les<br>mat\u00e9riaux graphiques de Nolanplastica<\/h1>\t\t<\/div>\n\t\t\t\t<\/div>\n\t\t\t\t\t<\/div>\n\t\t<\/div>\n\t\t\t\t\t<\/div>\n\t\t<\/section>\n\t\t\t\t<section class=\"elementor-section elementor-top-section elementor-element elementor-element-041e870 elementor-section-boxed elementor-section-height-default elementor-section-height-default\" data-id=\"041e870\" data-element_type=\"section\" data-settings=\"{&quot;background_background&quot;:&quot;classic&quot;}\">\n\t\t\t\t\t\t<div class=\"elementor-container elementor-column-gap-default\">\n\t\t\t\t\t<div class=\"elementor-column elementor-col-50 elementor-top-column elementor-element elementor-element-3586187\" data-id=\"3586187\" data-element_type=\"column\" data-settings=\"{&quot;background_background&quot;:&quot;classic&quot;}\">\n\t\t\t<div class=\"elementor-widget-wrap elementor-element-populated\">\n\t\t\t\t\t\t<div class=\"elementor-element elementor-element-f42fedc elementor-widget__width-auto elementor-widget elementor-widget-heading\" data-id=\"f42fedc\" data-element_type=\"widget\" data-widget_type=\"heading.default\">\n\t\t\t\t<div class=\"elementor-widget-container\">\n\t\t\t<p class=\"elementor-heading-title elementor-size-default\">NOLANPLASTICA<\/p>\t\t<\/div>\n\t\t\t\t<\/div>\n\t\t\t\t<div class=\"elementor-element elementor-element-490631c elementor-widget elementor-widget-heading\" data-id=\"490631c\" data-element_type=\"widget\" data-widget_type=\"heading.default\">\n\t\t\t\t<div class=\"elementor-widget-container\">\n\t\t\t<h2 class=\"elementor-heading-title elementor-size-default\">T\u00e9l\u00e9chargez le logo officiel de Nolanplastica<\/h2>\t\t<\/div>\n\t\t\t\t<\/div>\n\t\t\t\t<div class=\"elementor-element elementor-element-453cf36 elementor-widget elementor-widget-text-editor\" data-id=\"453cf36\" data-element_type=\"widget\" data-widget_type=\"text-editor.default\">\n\t\t\t\t<div class=\"elementor-widget-container\">\n\t\t\t<style>\/*! elementor - v3.23.0 - 25-07-2024 *\/\n.elementor-widget-text-editor.elementor-drop-cap-view-stacked .elementor-drop-cap{background-color:#69727d;color:#fff}.elementor-widget-text-editor.elementor-drop-cap-view-framed .elementor-drop-cap{color:#69727d;border:3px solid;background-color:transparent}.elementor-widget-text-editor:not(.elementor-drop-cap-view-default) .elementor-drop-cap{margin-top:8px}.elementor-widget-text-editor:not(.elementor-drop-cap-view-default) .elementor-drop-cap-letter{width:1em;height:1em}.elementor-widget-text-editor .elementor-drop-cap{float:left;text-align:center;line-height:1;font-size:50px}.elementor-widget-text-editor .elementor-drop-cap-letter{display:inline-block}<\/style>\t\t\t\t<p>T\u00e9l\u00e9chargez le logo Nolanplastica en format PNG, PDF et SVG. Dans l&rsquo;archive, vous trouverez le logo avec et sans la d\u00e9nomination compl\u00e8te.<\/p>\n\t\t\t\t\t\t<\/div>\n\t\t\t\t<\/div>\n\t\t\t\t<div class=\"elementor-element elementor-element-edd1262 elementor-widget__width-auto nolan-right elementor-widget elementor-widget-pa-link-effects\" data-id=\"edd1262\" data-element_type=\"widget\" data-widget_type=\"pa-link-effects.default\">\n\t\t\t\t<div class=\"elementor-widget-container\">\n\t\t\t\t\t<div class=\"pp-link-container\">\n\t\t\t<a href=\"https:\/\/nolanplastica.it\/wp-content\/uploads\/2025\/04\/NP-Standard.zip\" class=\"pp-link pp-link-effect-10\" data-hover=\"T\u00c9L\u00c9CHARGER\">\n\t\t\t\t<span >\n\t\t\t\t\tT\u00c9L\u00c9CHARGER\t\t\t\t<\/span>\n\t\t\t\t\t\t\t<\/a>\n\t\t<\/div>\n\t\t\t\t<\/div>\n\t\t\t\t<\/div>\n\t\t\t\t\t<\/div>\n\t\t<\/div>\n\t\t\t\t<div class=\"elementor-column elementor-col-50 elementor-top-column elementor-element elementor-element-841f420\" data-id=\"841f420\" data-element_type=\"column\" data-settings=\"{&quot;background_background&quot;:&quot;classic&quot;}\">\n\t\t\t<div class=\"elementor-widget-wrap elementor-element-populated\">\n\t\t\t\t\t\t<div class=\"elementor-element elementor-element-0fc5665 elementor-widget__width-auto elementor-widget elementor-widget-heading\" data-id=\"0fc5665\" data-element_type=\"widget\" data-widget_type=\"heading.default\">\n\t\t\t\t<div class=\"elementor-widget-container\">\n\t\t\t<p class=\"elementor-heading-title elementor-size-default\">NOLANPLASTICA<\/p>\t\t<\/div>\n\t\t\t\t<\/div>\n\t\t\t\t<div class=\"elementor-element elementor-element-0dd5b51 elementor-widget elementor-widget-heading\" data-id=\"0dd5b51\" data-element_type=\"widget\" data-widget_type=\"heading.default\">\n\t\t\t\t<div class=\"elementor-widget-container\">\n\t\t\t<h2 class=\"elementor-heading-title elementor-size-default\">T\u00e9l\u00e9chargez le logo Nolanplastica - Since 1975<\/h2>\t\t<\/div>\n\t\t\t\t<\/div>\n\t\t\t\t<div class=\"elementor-element elementor-element-4492fcc elementor-widget elementor-widget-text-editor\" data-id=\"4492fcc\" data-element_type=\"widget\" data-widget_type=\"text-editor.default\">\n\t\t\t\t<div class=\"elementor-widget-container\">\n\t\t\t\t\t\t\t<p>T\u00e9l\u00e9chargez le logo Nolanplastica &#8211; Since 1975 en format PNG, PDF et SVG.<\/p>\n<p> Dans l&rsquo;archive, vous trouverez le logo avec et sans la d\u00e9nomination compl\u00e8te.<\/p>\n\t\t\t\t\t\t<\/div>\n\t\t\t\t<\/div>\n\t\t\t\t<div class=\"elementor-element elementor-element-834e733 elementor-widget__width-auto nolan-right elementor-widget elementor-widget-pa-link-effects\" data-id=\"834e733\" data-element_type=\"widget\" data-widget_type=\"pa-link-effects.default\">\n\t\t\t\t<div class=\"elementor-widget-container\">\n\t\t\t\t\t<div class=\"pp-link-container\">\n\t\t\t<a href=\"https:\/\/nolanplastica.it\/wp-content\/uploads\/2025\/04\/NP-1975.zip\" class=\"pp-link pp-link-effect-10\" data-hover=\"T\u00c9L\u00c9CHARGER\">\n\t\t\t\t<span >\n\t\t\t\t\tT\u00c9L\u00c9CHARGER\t\t\t\t<\/span>\n\t\t\t\t\t\t\t<\/a>\n\t\t<\/div>\n\t\t\t\t<\/div>\n\t\t\t\t<\/div>\n\t\t\t\t\t<\/div>\n\t\t<\/div>\n\t\t\t\t\t<\/div>\n\t\t<\/section>\n\t\t\t\t<section class=\"elementor-section elementor-top-section elementor-element elementor-element-c065077 elementor-section-boxed elementor-section-height-default elementor-section-height-default\" data-id=\"c065077\" data-element_type=\"section\" data-settings=\"{&quot;background_background&quot;:&quot;classic&quot;}\">\n\t\t\t\t\t\t<div class=\"elementor-container elementor-column-gap-default\">\n\t\t\t\t\t<div class=\"elementor-column elementor-col-50 elementor-top-column elementor-element elementor-element-290fbc6\" data-id=\"290fbc6\" data-element_type=\"column\" data-settings=\"{&quot;background_background&quot;:&quot;classic&quot;}\">\n\t\t\t<div class=\"elementor-widget-wrap elementor-element-populated\">\n\t\t\t\t\t\t<div class=\"elementor-element elementor-element-7451db5 elementor-widget__width-auto elementor-widget elementor-widget-heading\" data-id=\"7451db5\" data-element_type=\"widget\" data-widget_type=\"heading.default\">\n\t\t\t\t<div class=\"elementor-widget-container\">\n\t\t\t<p class=\"elementor-heading-title elementor-size-default\">NOLANPLASTICA<\/p>\t\t<\/div>\n\t\t\t\t<\/div>\n\t\t\t\t<div class=\"elementor-element elementor-element-1698129 elementor-widget elementor-widget-heading\" data-id=\"1698129\" data-element_type=\"widget\" data-widget_type=\"heading.default\">\n\t\t\t\t<div class=\"elementor-widget-container\">\n\t\t\t<h2 class=\"elementor-heading-title elementor-size-default\">T\u00e9l\u00e9chargez le pictogramme officiel de Nolanplastica<\/h2>\t\t<\/div>\n\t\t\t\t<\/div>\n\t\t\t\t<div class=\"elementor-element elementor-element-19eb38f elementor-widget elementor-widget-text-editor\" data-id=\"19eb38f\" data-element_type=\"widget\" data-widget_type=\"text-editor.default\">\n\t\t\t\t<div class=\"elementor-widget-container\">\n\t\t\t\t\t\t\t<p>T\u00e9l\u00e9chargez le pictogramme Nolanplastica en format PNG, PDF et SVG.<\/p>\n\t\t\t\t\t\t<\/div>\n\t\t\t\t<\/div>\n\t\t\t\t<div class=\"elementor-element elementor-element-0890660 elementor-widget__width-auto nolan-right elementor-widget elementor-widget-pa-link-effects\" data-id=\"0890660\" data-element_type=\"widget\" data-widget_type=\"pa-link-effects.default\">\n\t\t\t\t<div class=\"elementor-widget-container\">\n\t\t\t\t\t<div class=\"pp-link-container\">\n\t\t\t<a href=\"https:\/\/nolanplastica.it\/wp-content\/uploads\/2025\/04\/Pittogramma.zip\" class=\"pp-link pp-link-effect-10\" data-hover=\"T\u00c9L\u00c9CHARGER\">\n\t\t\t\t<span >\n\t\t\t\t\tT\u00c9L\u00c9CHARGER\t\t\t\t<\/span>\n\t\t\t\t\t\t\t<\/a>\n\t\t<\/div>\n\t\t\t\t<\/div>\n\t\t\t\t<\/div>\n\t\t\t\t\t<\/div>\n\t\t<\/div>\n\t\t\t\t<div class=\"elementor-column elementor-col-50 elementor-top-column elementor-element elementor-element-546b408\" data-id=\"546b408\" data-element_type=\"column\" data-settings=\"{&quot;background_background&quot;:&quot;classic&quot;}\">\n\t\t\t<div class=\"elementor-widget-wrap elementor-element-populated\">\n\t\t\t\t\t\t<div class=\"elementor-element elementor-element-030146b elementor-widget__width-auto elementor-widget elementor-widget-heading\" data-id=\"030146b\" data-element_type=\"widget\" data-widget_type=\"heading.default\">\n\t\t\t\t<div class=\"elementor-widget-container\">\n\t\t\t<p class=\"elementor-heading-title elementor-size-default\">NOLANPLASTICA<\/p>\t\t<\/div>\n\t\t\t\t<\/div>\n\t\t\t\t<div class=\"elementor-element elementor-element-b3803dc elementor-widget elementor-widget-heading\" data-id=\"b3803dc\" data-element_type=\"widget\" data-widget_type=\"heading.default\">\n\t\t\t\t<div class=\"elementor-widget-container\">\n\t\t\t<h2 class=\"elementor-heading-title elementor-size-default\">T\u00e9l\u00e9chargez le logo Nolanplastica 50<\/h2>\t\t<\/div>\n\t\t\t\t<\/div>\n\t\t\t\t<div class=\"elementor-element elementor-element-a6be7c2 elementor-widget elementor-widget-text-editor\" data-id=\"a6be7c2\" data-element_type=\"widget\" data-widget_type=\"text-editor.default\">\n\t\t\t\t<div class=\"elementor-widget-container\">\n\t\t\t\t\t\t\t<p>T\u00e9l\u00e9chargez le logo du cinquanti\u00e8me anniversaire de Nolanplastica en format PNG, PDF et SVG.<\/p>\n\t\t\t\t\t\t<\/div>\n\t\t\t\t<\/div>\n\t\t\t\t<div class=\"elementor-element elementor-element-a5801f6 elementor-widget__width-auto nolan-right elementor-widget elementor-widget-pa-link-effects\" data-id=\"a5801f6\" data-element_type=\"widget\" data-widget_type=\"pa-link-effects.default\">\n\t\t\t\t<div class=\"elementor-widget-container\">\n\t\t\t\t\t<div class=\"pp-link-container\">\n\t\t\t<a href=\"https:\/\/nolanplastica.it\/wp-content\/uploads\/2025\/04\/Cinquantesimo.zip\" class=\"pp-link pp-link-effect-10\" data-hover=\"T\u00c9L\u00c9CHARGER\">\n\t\t\t\t<span >\n\t\t\t\t\tT\u00c9L\u00c9CHARGER\t\t\t\t<\/span>\n\t\t\t\t\t\t\t<\/a>\n\t\t<\/div>\n\t\t\t\t<\/div>\n\t\t\t\t<\/div>\n\t\t\t\t\t<\/div>\n\t\t<\/div>\n\t\t\t\t\t<\/div>\n\t\t<\/section>\n\t\t\t\t<section class=\"elementor-section elementor-top-section elementor-element elementor-element-952b04a elementor-section-boxed elementor-section-height-default elementor-section-height-default\" data-id=\"952b04a\" data-element_type=\"section\" data-settings=\"{&quot;background_background&quot;:&quot;classic&quot;}\">\n\t\t\t\t\t\t<div class=\"elementor-container elementor-column-gap-default\">\n\t\t\t\t\t<div class=\"elementor-column elementor-col-50 elementor-top-column elementor-element elementor-element-9bc73ed\" data-id=\"9bc73ed\" data-element_type=\"column\" data-settings=\"{&quot;background_background&quot;:&quot;classic&quot;}\">\n\t\t\t<div class=\"elementor-widget-wrap elementor-element-populated\">\n\t\t\t\t\t\t<div class=\"elementor-element elementor-element-13c7a83 elementor-widget__width-auto elementor-widget elementor-widget-heading\" data-id=\"13c7a83\" data-element_type=\"widget\" data-widget_type=\"heading.default\">\n\t\t\t\t<div class=\"elementor-widget-container\">\n\t\t\t<p class=\"elementor-heading-title elementor-size-default\">NOLANPLASTICA<\/p>\t\t<\/div>\n\t\t\t\t<\/div>\n\t\t\t\t<div class=\"elementor-element elementor-element-96d09e3 elementor-widget elementor-widget-heading\" data-id=\"96d09e3\" data-element_type=\"widget\" data-widget_type=\"heading.default\">\n\t\t\t\t<div class=\"elementor-widget-container\">\n\t\t\t<h2 class=\"elementor-heading-title elementor-size-default\">T\u00e9l\u00e9chargez le logo du projet Weagreen<\/h2>\t\t<\/div>\n\t\t\t\t<\/div>\n\t\t\t\t<div class=\"elementor-element elementor-element-e99d14d elementor-widget elementor-widget-text-editor\" data-id=\"e99d14d\" data-element_type=\"widget\" data-widget_type=\"text-editor.default\">\n\t\t\t\t<div class=\"elementor-widget-container\">\n\t\t\t\t\t\t\t<p>T\u00e9l\u00e9chargez le logo du projet Weagreen en format PNG, PDF et SVG.<\/p>\n\t\t\t\t\t\t<\/div>\n\t\t\t\t<\/div>\n\t\t\t\t<div class=\"elementor-element elementor-element-d815254 elementor-widget__width-auto nolan-right elementor-widget elementor-widget-pa-link-effects\" data-id=\"d815254\" data-element_type=\"widget\" data-widget_type=\"pa-link-effects.default\">\n\t\t\t\t<div class=\"elementor-widget-container\">\n\t\t\t\t\t<div class=\"pp-link-container\">\n\t\t\t<a href=\"https:\/\/nolanplastica.it\/wp-content\/uploads\/2025\/04\/Wearegreen.zip\" class=\"pp-link pp-link-effect-10\" data-hover=\"T\u00c9L\u00c9CHARGER\">\n\t\t\t\t<span >\n\t\t\t\t\tT\u00c9L\u00c9CHARGER\t\t\t\t<\/span>\n\t\t\t\t\t\t\t<\/a>\n\t\t<\/div>\n\t\t\t\t<\/div>\n\t\t\t\t<\/div>\n\t\t\t\t\t<\/div>\n\t\t<\/div>\n\t\t\t\t<div class=\"elementor-column elementor-col-50 elementor-top-column elementor-element elementor-element-4210a4e\" data-id=\"4210a4e\" data-element_type=\"column\" data-settings=\"{&quot;background_background&quot;:&quot;classic&quot;}\">\n\t\t\t<div class=\"elementor-widget-wrap elementor-element-populated\">\n\t\t\t\t\t\t<div class=\"elementor-element elementor-element-2fd0eb6 elementor-widget__width-auto elementor-widget elementor-widget-heading\" data-id=\"2fd0eb6\" data-element_type=\"widget\" data-widget_type=\"heading.default\">\n\t\t\t\t<div class=\"elementor-widget-container\">\n\t\t\t<p class=\"elementor-heading-title elementor-size-default\">NOLANPLASTICA<\/p>\t\t<\/div>\n\t\t\t\t<\/div>\n\t\t\t\t<div class=\"elementor-element elementor-element-abce178 elementor-widget elementor-widget-heading\" data-id=\"abce178\" data-element_type=\"widget\" data-widget_type=\"heading.default\">\n\t\t\t\t<div class=\"elementor-widget-container\">\n\t\t\t<h2 class=\"elementor-heading-title elementor-size-default\">T\u00e9l\u00e9chargez le logo officiel de Medfilm<\/h2>\t\t<\/div>\n\t\t\t\t<\/div>\n\t\t\t\t<div class=\"elementor-element elementor-element-431f058 elementor-widget elementor-widget-text-editor\" data-id=\"431f058\" data-element_type=\"widget\" data-widget_type=\"text-editor.default\">\n\t\t\t\t<div class=\"elementor-widget-container\">\n\t\t\t\t\t\t\t<p>T\u00e9l\u00e9chargez le logo Medfilm en format PNG, PDF et SVG. Dans l&rsquo;archive, vous trouverez le logo avec et sans la d\u00e9nomination compl\u00e8te.<\/p>\n\t\t\t\t\t\t<\/div>\n\t\t\t\t<\/div>\n\t\t\t\t<div class=\"elementor-element elementor-element-13c50df elementor-widget__width-auto nolan-right elementor-widget elementor-widget-pa-link-effects\" data-id=\"13c50df\" data-element_type=\"widget\" data-widget_type=\"pa-link-effects.default\">\n\t\t\t\t<div class=\"elementor-widget-container\">\n\t\t\t\t\t<div class=\"pp-link-container\">\n\t\t\t<a href=\"https:\/\/nolanplastica.it\/wp-content\/uploads\/2025\/04\/Medfilm.zip\" class=\"pp-link pp-link-effect-10\" data-hover=\"T\u00c9L\u00c9CHARGER\">\n\t\t\t\t<span >\n\t\t\t\t\tT\u00c9L\u00c9CHARGER\t\t\t\t<\/span>\n\t\t\t\t\t\t\t<\/a>\n\t\t<\/div>\n\t\t\t\t<\/div>\n\t\t\t\t<\/div>\n\t\t\t\t\t<\/div>\n\t\t<\/div>\n\t\t\t\t\t<\/div>\n\t\t<\/section>\n\t\t\t\t<\/div>\n\t\t","protected":false},"excerpt":{"rendered":"<p>ZONE DE T\u00c9L\u00c9CHARGEMENT T\u00e9l\u00e9chargez ici tous lesmat\u00e9riaux graphiques de Nolanplastica NOLANPLASTICA T\u00e9l\u00e9chargez le logo officiel de Nolanplastica T\u00e9l\u00e9chargez le logo Nolanplastica en format PNG, PDF et SVG. Dans l&rsquo;archive, vous trouverez le logo avec et sans la d\u00e9nomination compl\u00e8te. T\u00c9L\u00c9CHARGER NOLANPLASTICA T\u00e9l\u00e9chargez le logo Nolanplastica &#8211; Since 1975 T\u00e9l\u00e9chargez le logo Nolanplastica &#8211; Since 1975 [&hellip;]<\/p>\n","protected":false},"author":1,"featured_media":5288,"parent":0,"menu_order":0,"comment_status":"closed","ping_status":"closed","template":"elementor_header_footer","meta":{"footnotes":""},"class_list":["post-7413","page","type-page","status-publish","has-post-thumbnail","hentry"],"_links":{"self":[{"href":"https:\/\/nolanplastica.it\/fr\/wp-json\/wp\/v2\/pages\/7413"}],"collection":[{"href":"https:\/\/nolanplastica.it\/fr\/wp-json\/wp\/v2\/pages"}],"about":[{"href":"https:\/\/nolanplastica.it\/fr\/wp-json\/wp\/v2\/types\/page"}],"author":[{"embeddable":true,"href":"https:\/\/nolanplastica.it\/fr\/wp-json\/wp\/v2\/users\/1"}],"replies":[{"embeddable":true,"href":"https:\/\/nolanplastica.it\/fr\/wp-json\/wp\/v2\/comments?post=7413"}],"version-history":[{"count":1,"href":"https:\/\/nolanplastica.it\/fr\/wp-json\/wp\/v2\/pages\/7413\/revisions"}],"predecessor-version":[{"id":7414,"href":"https:\/\/nolanplastica.it\/fr\/wp-json\/wp\/v2\/pages\/7413\/revisions\/7414"}],"wp:featuredmedia":[{"embeddable":true,"href":"https:\/\/nolanplastica.it\/fr\/wp-json\/wp\/v2\/media\/5288"}],"wp:attachment":[{"href":"https:\/\/nolanplastica.it\/fr\/wp-json\/wp\/v2\/media?parent=7413"}],"curies":[{"name":"wp","href":"https:\/\/api.w.org\/{rel}","templated":true}]}}